{"id":4145,"date":"2026-04-01T17:21:14","date_gmt":"2026-04-01T15:21:14","guid":{"rendered":"https:\/\/www.btv-rar.de\/?page_id=4145"},"modified":"2026-04-01T17:25:02","modified_gmt":"2026-04-01T15:25:02","slug":"neues-bestattungsgesetz-in-rheinland-pfalz-bestattungsvorsorge","status":"publish","type":"page","link":"https:\/\/www.btv-rar.de\/de_de\/neues-bestattungsgesetz-in-rheinland-pfalz-bestattungsvorsorge\/","title":{"rendered":"Neues Bestattungsgesetz in Rheinland-Pfalz &#038; Bestattungsvorsorge"},"content":{"rendered":"\t\t<div data-elementor-type=\"wp-page\" data-elementor-id=\"4145\" class=\"elementor elementor-4145\">\n\t\t\t\t<div class=\"elementor-element elementor-element-14981da e-flex e-con-boxed e-con e-parent\" data-id=\"14981da\" data-element_type=\"container\">\n\t\t\t\t\t<div class=\"e-con-inner\">\n\t\t\t\t<div class=\"elementor-element elementor-element-551957c elementor-widget elementor-widget-heading\" data-id=\"551957c\" data-element_type=\"widget\" data-widget_type=\"heading.default\">\n\t\t\t\t<div class=\"elementor-widget-container\">\n\t\t\t\t\t<h2 class=\"elementor-heading-title elementor-size-default\">08.06.2026 kostenlose Infoveranstaltung von\n18 \u2013 20 Uhr<\/h2>\t\t\t\t<\/div>\n\t\t\t\t<\/div>\n\t\t\t\t\t<\/div>\n\t\t\t\t<\/div>\n\t\t<div class=\"elementor-element elementor-element-448fc5c e-flex e-con-boxed e-con e-parent\" data-id=\"448fc5c\" data-element_type=\"container\">\n\t\t\t\t\t<div class=\"e-con-inner\">\n\t\t\t\t<div class=\"elementor-element elementor-element-4004df2 elementor-widget elementor-widget-text-editor\" data-id=\"4004df2\" data-element_type=\"widget\" data-widget_type=\"text-editor.default\">\n\t\t\t\t<div class=\"elementor-widget-container\">\n\t\t\t\t\t\t\t\t\t<p>An diesem Abend stellt ein Referent das neue Bestattungsgesetz in Rheinland-Pfalz vor und erl\u00e4utert, welche \u00c4nderungen und Neuerungen sich f\u00fcr Angeh\u00f6rige, Vorsorgende und Verantwortliche ergeben.<br \/>Dar\u00fcber hinaus erhalten Sie einen umfassenden \u00dcberblick \u00fcber die M\u00f6glichkeiten der Bestattungsvorsorge \u2013 von der finanziellen Absicherung \u00fcber die pers\u00f6nliche Gestaltung bis hin zu rechtlichen Aspekten. Die Veranstaltung bietet Gelegenheit, offene Fragen zu kl\u00e4ren, Unsicherheiten zu besprechen und praktische Hinweise f\u00fcr die Planung einer Bestattung und Vorsorge zu erhalten.<\/p><p>\u00a0<\/p><p><strong>Zielgruppe: <\/strong>Interessierte, Angeh\u00f6rige und alle, die sich fr\u00fchzeitig \u00fcber Bestattungsvorsorge informieren m\u00f6chten.<br \/><strong>Ziel der Veranstaltung: <\/strong>Transparenz \u00fcber gesetzliche Regelungen schaffen, M\u00f6glichkeiten der Vorsorge aufzeigen und praktische Tipps f\u00fcr die pers\u00f6nliche Planung geben.<\/p><p><strong>Referent:<\/strong> Herr Hoppe, Bestattungshaus Palm-Hoppe<\/p><p><strong>Ort:<\/strong> ev. Gemeindehaus, Wolfgang-M\u00fcller-Str. 9 in Bad Neuenahr,<\/p><p><strong>Anmeldung:<\/strong> 0Betreuungsverein der ev. Kirchengemeinde, Telefon: 02641-9506320<\/p>\t\t\t\t\t\t\t\t<\/div>\n\t\t\t\t<\/div>\n\t\t\t\t\t<\/div>\n\t\t\t\t<\/div>\n\t\t\t\t<\/div>\n\t\t","protected":false},"excerpt":{"rendered":"<p>08.06.2026 kostenlose Infoveranstaltung von 18 \u2013 20 Uhr An diesem Abend stellt ein Referent das neue Bestattungsgesetz in Rheinland-Pfalz vor und erl\u00e4utert, welche \u00c4nderungen und Neuerungen sich f\u00fcr Angeh\u00f6rige, Vorsorgende und Verantwortliche ergeben.Dar\u00fcber hinaus erhalten Sie einen umfassenden \u00dcberblick \u00fcber die M\u00f6glichkeiten der Bestattungsvorsorge \u2013 von der finanziellen Absicherung \u00fcber die pers\u00f6nliche Gestaltung bis hin [&hellip;]<\/p>\n","protected":false},"author":1,"featured_media":0,"parent":0,"menu_order":0,"comment_status":"closed","ping_status":"closed","template":"","meta":{"_monsterinsights_skip_tracking":false,"_monsterinsights_sitenote_active":false,"_monsterinsights_sitenote_note":"","_monsterinsights_sitenote_category":0,"footnotes":""},"class_list":["post-4145","page","type-page","status-publish","hentry"],"aioseo_notices":[],"_links":{"self":[{"href":"https:\/\/www.btv-rar.de\/de_de\/wp-json\/wp\/v2\/pages\/4145","targetHints":{"allow":["GET"]}}],"collection":[{"href":"https:\/\/www.btv-rar.de\/de_de\/wp-json\/wp\/v2\/pages"}],"about":[{"href":"https:\/\/www.btv-rar.de\/de_de\/wp-json\/wp\/v2\/types\/page"}],"author":[{"embeddable":true,"href":"https:\/\/www.btv-rar.de\/de_de\/wp-json\/wp\/v2\/users\/1"}],"replies":[{"embeddable":true,"href":"https:\/\/www.btv-rar.de\/de_de\/wp-json\/wp\/v2\/comments?post=4145"}],"version-history":[{"count":4,"href":"https:\/\/www.btv-rar.de\/de_de\/wp-json\/wp\/v2\/pages\/4145\/revisions"}],"predecessor-version":[{"id":4149,"href":"https:\/\/www.btv-rar.de\/de_de\/wp-json\/wp\/v2\/pages\/4145\/revisions\/4149"}],"wp:attachment":[{"href":"https:\/\/www.btv-rar.de\/de_de\/wp-json\/wp\/v2\/media?parent=4145"}],"curies":[{"name":"wp","href":"https:\/\/api.w.org\/{rel}","templated":true}]}}