{"id":3758,"date":"2024-06-12T16:17:54","date_gmt":"2024-06-12T14:17:54","guid":{"rendered":"https:\/\/www.btv-rar.de\/?page_id=3758"},"modified":"2026-04-01T17:29:49","modified_gmt":"2026-04-01T15:29:49","slug":"gesetzliche-betreuungen","status":"publish","type":"page","link":"https:\/\/www.btv-rar.de\/de_de\/gesetzliche-betreuungen\/","title":{"rendered":"Gesetzliche Betreuungen"},"content":{"rendered":"\t\t<div data-elementor-type=\"wp-page\" data-elementor-id=\"3758\" class=\"elementor elementor-3758\">\n\t\t\t\t<div class=\"elementor-element elementor-element-ab9d4a4 e-flex e-con-boxed e-con e-parent\" data-id=\"ab9d4a4\" data-element_type=\"container\">\n\t\t\t\t\t<div class=\"e-con-inner\">\n\t\t<div class=\"elementor-element elementor-element-75a68cf e-con-full e-flex e-con e-child\" data-id=\"75a68cf\" data-element_type=\"container\">\n\t\t\t\t<div class=\"elementor-element elementor-element-302d4ca elementor-widget elementor-widget-text-editor\" data-id=\"302d4ca\" data-element_type=\"widget\" data-widget_type=\"text-editor.default\">\n\t\t\t\t<div class=\"elementor-widget-container\">\n\t\t\t\t\t\t\t\t\t<p>Gesetzliche Betreuungen sind ein rechtliches Instrument, das in Deutschland und vielen anderen L\u00e4ndern dazu dient, vollj\u00e4hrige Personen zu unterst\u00fctzen, die aufgrund von Krankheit, Behinderung oder altersbedingtem Verfall ihre Angelegenheiten nicht mehr selbstst\u00e4ndig regeln k\u00f6nnen. Das Betreuungsrecht soll sicherstellen, dass die Rechte und Interessen dieser Personen gewahrt und sie vor Missbrauch gesch\u00fctzt werden.<\/p>\t\t\t\t\t\t\t\t<\/div>\n\t\t\t\t<\/div>\n\t\t\t\t<div class=\"elementor-element elementor-element-ef14eb3 elementor-widget elementor-widget-heading\" data-id=\"ef14eb3\" data-element_type=\"widget\" data-widget_type=\"heading.default\">\n\t\t\t\t<div class=\"elementor-widget-container\">\n\t\t\t\t\t<h2 class=\"elementor-heading-title elementor-size-default\">Was ist eine gesetzliche Betreuung?<\/h2>\t\t\t\t<\/div>\n\t\t\t\t<\/div>\n\t\t\t\t<div class=\"elementor-element elementor-element-7be34c0 elementor-widget elementor-widget-text-editor\" data-id=\"7be34c0\" data-element_type=\"widget\" data-widget_type=\"text-editor.default\">\n\t\t\t\t<div class=\"elementor-widget-container\">\n\t\t\t\t\t\t\t\t\t<p>Eine gesetzliche Betreuung wird vom Betreuungsgericht angeordnet, wenn eine vollj\u00e4hrige Person (der Betroffene) ihre Angelegenheiten aufgrund einer geistigen, seelischen oder k\u00f6rperlichen Beeintr\u00e4chtigung nicht mehr selbstst\u00e4ndig erledigen kann. Der vom Gericht bestellte Betreuer (auch gesetzlicher Betreuer genannt) \u00fcbernimmt dann je nach Umfang der Betreuung bestimmte Aufgaben und trifft Entscheidungen im Sinne des Betroffenen.<\/p>\t\t\t\t\t\t\t\t<\/div>\n\t\t\t\t<\/div>\n\t\t\t\t<div class=\"elementor-element elementor-element-3b8ae1e elementor-widget elementor-widget-heading\" data-id=\"3b8ae1e\" data-element_type=\"widget\" data-widget_type=\"heading.default\">\n\t\t\t\t<div class=\"elementor-widget-container\">\n\t\t\t\t\t<h2 class=\"elementor-heading-title elementor-size-default\">Gr\u00fcnde f\u00fcr die Anordnung einer gesetzlichen Betreuung<\/h2>\t\t\t\t<\/div>\n\t\t\t\t<\/div>\n\t\t\t\t<div class=\"elementor-element elementor-element-128bbc6 elementor-widget elementor-widget-heading\" data-id=\"128bbc6\" data-element_type=\"widget\" data-widget_type=\"heading.default\">\n\t\t\t\t<div class=\"elementor-widget-container\">\n\t\t\t\t\t<h2 class=\"elementor-heading-title elementor-size-default\">Die Anordnung einer gesetzlichen Betreuung erfolgt in der Regel aus folgenden Gr\u00fcnden:<\/h2>\t\t\t\t<\/div>\n\t\t\t\t<\/div>\n\t\t\t\t<div class=\"elementor-element elementor-element-2791408 elementor-icon-list--layout-traditional elementor-list-item-link-full_width elementor-widget elementor-widget-icon-list\" data-id=\"2791408\" data-element_type=\"widget\" data-widget_type=\"icon-list.default\">\n\t\t\t\t<div class=\"elementor-widget-container\">\n\t\t\t\t\t\t\t<ul class=\"elementor-icon-list-items\">\n\t\t\t\t\t\t\t<li class=\"elementor-icon-list-item\">\n\t\t\t\t\t\t\t\t\t\t\t<span class=\"elementor-icon-list-icon\">\n\t\t\t\t\t\t\t<i aria-hidden=\"true\" class=\"fas fa-circle\"><\/i>\t\t\t\t\t\t<\/span>\n\t\t\t\t\t\t\t\t\t\t<span class=\"elementor-icon-list-text\">Geistige oder seelische Behinderungen<\/span>\n\t\t\t\t\t\t\t\t\t<\/li>\n\t\t\t\t\t\t\t\t<li class=\"elementor-icon-list-item\">\n\t\t\t\t\t\t\t\t\t\t\t<span class=\"elementor-icon-list-icon\">\n\t\t\t\t\t\t\t<i aria-hidden=\"true\" class=\"fas fa-circle\"><\/i>\t\t\t\t\t\t<\/span>\n\t\t\t\t\t\t\t\t\t\t<span class=\"elementor-icon-list-text\">K\u00f6rperliche Behinderungen<\/span>\n\t\t\t\t\t\t\t\t\t<\/li>\n\t\t\t\t\t\t\t\t<li class=\"elementor-icon-list-item\">\n\t\t\t\t\t\t\t\t\t\t\t<span class=\"elementor-icon-list-icon\">\n\t\t\t\t\t\t\t<i aria-hidden=\"true\" class=\"fas fa-circle\"><\/i>\t\t\t\t\t\t<\/span>\n\t\t\t\t\t\t\t\t\t\t<span class=\"elementor-icon-list-text\">Altersbedingter Gesundheitszustand<\/span>\n\t\t\t\t\t\t\t\t\t<\/li>\n\t\t\t\t\t\t<\/ul>\n\t\t\t\t\t\t<\/div>\n\t\t\t\t<\/div>\n\t\t\t\t<\/div>\n\t\t<div class=\"elementor-element elementor-element-21fdeff e-con-full e-flex e-con e-child\" data-id=\"21fdeff\" data-element_type=\"container\">\n\t\t<div class=\"elementor-element elementor-element-a9e86b2 e-flex e-con-boxed e-con e-child\" data-id=\"a9e86b2\" data-element_type=\"container\" data-settings=\"{&quot;background_background&quot;:&quot;classic&quot;}\">\n\t\t\t\t\t<div class=\"e-con-inner\">\n\t\t\t\t<div class=\"elementor-element elementor-element-9c30ec7 elementor-widget elementor-widget-heading\" data-id=\"9c30ec7\" data-element_type=\"widget\" data-widget_type=\"heading.default\">\n\t\t\t\t<div class=\"elementor-widget-container\">\n\t\t\t\t\t<h6 class=\"elementor-heading-title elementor-size-default\">Ort:<\/h6>\t\t\t\t<\/div>\n\t\t\t\t<\/div>\n\t\t\t\t<div class=\"elementor-element elementor-element-81a0a06 elementor-widget elementor-widget-text-editor\" data-id=\"81a0a06\" data-element_type=\"widget\" data-widget_type=\"text-editor.default\">\n\t\t\t\t<div class=\"elementor-widget-container\">\n\t\t\t\t\t\t\t\t\t<p>Wolfgang-M\u00fcller-Str. 7a 53474 Bad Neuenahr-Ahrweiler<\/p>\t\t\t\t\t\t\t\t<\/div>\n\t\t\t\t<\/div>\n\t\t\t\t<div class=\"elementor-element elementor-element-69e9529 elementor-widget elementor-widget-heading\" data-id=\"69e9529\" data-element_type=\"widget\" data-widget_type=\"heading.default\">\n\t\t\t\t<div class=\"elementor-widget-container\">\n\t\t\t\t\t<h6 class=\"elementor-heading-title elementor-size-default\">Tel:<\/h6>\t\t\t\t<\/div>\n\t\t\t\t<\/div>\n\t\t\t\t<div class=\"elementor-element elementor-element-dabfb2e elementor-widget elementor-widget-text-editor\" data-id=\"dabfb2e\" data-element_type=\"widget\" data-widget_type=\"text-editor.default\">\n\t\t\t\t<div class=\"elementor-widget-container\">\n\t\t\t\t\t\t\t\t\t<p><a>+49 2641 9506320<\/a><\/p>\t\t\t\t\t\t\t\t<\/div>\n\t\t\t\t<\/div>\n\t\t\t\t<div class=\"elementor-element elementor-element-1bf6b95 elementor-widget elementor-widget-heading\" data-id=\"1bf6b95\" data-element_type=\"widget\" data-widget_type=\"heading.default\">\n\t\t\t\t<div class=\"elementor-widget-container\">\n\t\t\t\t\t<h6 class=\"elementor-heading-title elementor-size-default\">Fax:<\/h6>\t\t\t\t<\/div>\n\t\t\t\t<\/div>\n\t\t\t\t<div class=\"elementor-element elementor-element-d818dc3 elementor-widget elementor-widget-text-editor\" data-id=\"d818dc3\" data-element_type=\"widget\" data-widget_type=\"text-editor.default\">\n\t\t\t\t<div class=\"elementor-widget-container\">\n\t\t\t\t\t\t\t\t\t<p>+49 261-2016184217<\/p>\t\t\t\t\t\t\t\t<\/div>\n\t\t\t\t<\/div>\n\t\t\t\t<div class=\"elementor-element elementor-element-c419800 elementor-widget elementor-widget-heading\" data-id=\"c419800\" data-element_type=\"widget\" data-widget_type=\"heading.default\">\n\t\t\t\t<div class=\"elementor-widget-container\">\n\t\t\t\t\t<h6 class=\"elementor-heading-title elementor-size-default\">Email:<\/h6>\t\t\t\t<\/div>\n\t\t\t\t<\/div>\n\t\t\t\t<div class=\"elementor-element elementor-element-4778d2b elementor-widget elementor-widget-text-editor\" data-id=\"4778d2b\" data-element_type=\"widget\" data-widget_type=\"text-editor.default\">\n\t\t\t\t<div class=\"elementor-widget-container\">\n\t\t\t\t\t\t\t\t\t<p>info@btv-rar.de<\/p>\t\t\t\t\t\t\t\t<\/div>\n\t\t\t\t<\/div>\n\t\t\t\t\t<\/div>\n\t\t\t\t<\/div>\n\t\t\t\t<\/div>\n\t\t\t\t\t<\/div>\n\t\t\t\t<\/div>\n\t\t\t\t<\/div>\n\t\t","protected":false},"excerpt":{"rendered":"<p>Gesetzliche Betreuungen sind ein rechtliches Instrument, das in Deutschland und vielen anderen L\u00e4ndern dazu dient, vollj\u00e4hrige Personen zu unterst\u00fctzen, die aufgrund von Krankheit, Behinderung oder altersbedingtem Verfall ihre Angelegenheiten nicht mehr selbstst\u00e4ndig regeln k\u00f6nnen. Das Betreuungsrecht soll sicherstellen, dass die Rechte und Interessen dieser Personen gewahrt und sie vor Missbrauch gesch\u00fctzt werden. Was ist eine [&hellip;]<\/p>\n","protected":false},"author":1,"featured_media":0,"parent":0,"menu_order":0,"comment_status":"closed","ping_status":"closed","template":"elementor_header_footer","meta":{"_monsterinsights_skip_tracking":false,"_monsterinsights_sitenote_active":false,"_monsterinsights_sitenote_note":"","_monsterinsights_sitenote_category":0,"footnotes":""},"class_list":["post-3758","page","type-page","status-publish","hentry"],"aioseo_notices":[],"_links":{"self":[{"href":"https:\/\/www.btv-rar.de\/de_de\/wp-json\/wp\/v2\/pages\/3758","targetHints":{"allow":["GET"]}}],"collection":[{"href":"https:\/\/www.btv-rar.de\/de_de\/wp-json\/wp\/v2\/pages"}],"about":[{"href":"https:\/\/www.btv-rar.de\/de_de\/wp-json\/wp\/v2\/types\/page"}],"author":[{"embeddable":true,"href":"https:\/\/www.btv-rar.de\/de_de\/wp-json\/wp\/v2\/users\/1"}],"replies":[{"embeddable":true,"href":"https:\/\/www.btv-rar.de\/de_de\/wp-json\/wp\/v2\/comments?post=3758"}],"version-history":[{"count":16,"href":"https:\/\/www.btv-rar.de\/de_de\/wp-json\/wp\/v2\/pages\/3758\/revisions"}],"predecessor-version":[{"id":4164,"href":"https:\/\/www.btv-rar.de\/de_de\/wp-json\/wp\/v2\/pages\/3758\/revisions\/4164"}],"wp:attachment":[{"href":"https:\/\/www.btv-rar.de\/de_de\/wp-json\/wp\/v2\/media?parent=3758"}],"curies":[{"name":"wp","href":"https:\/\/api.w.org\/{rel}","templated":true}]}}