{"id":3754,"date":"2024-06-12T16:16:43","date_gmt":"2024-06-12T14:16:43","guid":{"rendered":"https:\/\/www.btv-rar.de\/?page_id=3754"},"modified":"2026-04-01T17:29:18","modified_gmt":"2026-04-01T15:29:18","slug":"patientenverfuegung","status":"publish","type":"page","link":"https:\/\/www.btv-rar.de\/de_de\/patientenverfuegung\/","title":{"rendered":"Patientenverf\u00fcgung"},"content":{"rendered":"\t\t<div data-elementor-type=\"wp-page\" data-elementor-id=\"3754\" class=\"elementor elementor-3754\">\n\t\t\t\t<div class=\"elementor-element elementor-element-ab9d4a4 e-flex e-con-boxed e-con e-parent\" data-id=\"ab9d4a4\" data-element_type=\"container\">\n\t\t\t\t\t<div class=\"e-con-inner\">\n\t\t<div class=\"elementor-element elementor-element-75a68cf e-con-full e-flex e-con e-child\" data-id=\"75a68cf\" data-element_type=\"container\">\n\t\t\t\t<div class=\"elementor-element elementor-element-302d4ca elementor-widget elementor-widget-text-editor\" data-id=\"302d4ca\" data-element_type=\"widget\" data-widget_type=\"text-editor.default\">\n\t\t\t\t<div class=\"elementor-widget-container\">\n\t\t\t\t\t\t\t\t\t<p>Eine Patientenverf\u00fcgung ist ein wichtiges Dokument im Bereich der medizinischen Vorsorge. Sie erm\u00f6glicht es einer Person, im Voraus festzulegen, welche medizinischen Ma\u00dfnahmen im Falle ihrer Entscheidungsunf\u00e4higkeit ergriffen oder unterlassen werden sollen. Diese Verf\u00fcgung tritt insbesondere bei schweren Krankheiten oder nach Unf\u00e4llen in Kraft, wenn die betroffene Person ihren Willen nicht mehr selbst \u00e4u\u00dfern kann.<\/p>\t\t\t\t\t\t\t\t<\/div>\n\t\t\t\t<\/div>\n\t\t\t\t<div class=\"elementor-element elementor-element-a6132a9 elementor-widget elementor-widget-heading\" data-id=\"a6132a9\" data-element_type=\"widget\" data-widget_type=\"heading.default\">\n\t\t\t\t<div class=\"elementor-widget-container\">\n\t\t\t\t\t<h2 class=\"elementor-heading-title elementor-size-default\">Was ist eine Patientenverf\u00fcgung?<\/h2>\t\t\t\t<\/div>\n\t\t\t\t<\/div>\n\t\t\t\t<div class=\"elementor-element elementor-element-7be34c0 elementor-widget elementor-widget-text-editor\" data-id=\"7be34c0\" data-element_type=\"widget\" data-widget_type=\"text-editor.default\">\n\t\t\t\t<div class=\"elementor-widget-container\">\n\t\t\t\t\t\t\t\t\t<p>Eine Patientenverf\u00fcgung ist eine schriftliche Willenserkl\u00e4rung, in der eine Person (der Verf\u00fcgende) festlegt, welche medizinischen Behandlungen sie in bestimmten Situationen w\u00fcnscht oder ablehnt. Dies kann insbesondere Lebenserhaltungsma\u00dfnahmen wie k\u00fcnstliche Ern\u00e4hrung, Beatmung oder Wiederbelebung betreffen. Ziel der Patientenverf\u00fcgung ist es, den Willen des Verf\u00fcgenden auch dann zu ber\u00fccksichtigen, wenn dieser nicht mehr in der Lage ist, aktiv Entscheidungen zu treffen.<\/p>\t\t\t\t\t\t\t\t<\/div>\n\t\t\t\t<\/div>\n\t\t\t\t<div class=\"elementor-element elementor-element-a33db8e elementor-widget elementor-widget-heading\" data-id=\"a33db8e\" data-element_type=\"widget\" data-widget_type=\"heading.default\">\n\t\t\t\t<div class=\"elementor-widget-container\">\n\t\t\t\t\t<h2 class=\"elementor-heading-title elementor-size-default\">Warum ist eine Patientenverf\u00fcgung wichtig?<\/h2>\t\t\t\t<\/div>\n\t\t\t\t<\/div>\n\t\t\t\t<div class=\"elementor-element elementor-element-128bbc6 elementor-widget elementor-widget-heading\" data-id=\"128bbc6\" data-element_type=\"widget\" data-widget_type=\"heading.default\">\n\t\t\t\t<div class=\"elementor-widget-container\">\n\t\t\t\t\t<h2 class=\"elementor-heading-title elementor-size-default\">Eine Patientenverf\u00fcgung bietet mehrere Vorteile:<\/h2>\t\t\t\t<\/div>\n\t\t\t\t<\/div>\n\t\t\t\t<div class=\"elementor-element elementor-element-2791408 elementor-icon-list--layout-traditional elementor-list-item-link-full_width elementor-widget elementor-widget-icon-list\" data-id=\"2791408\" data-element_type=\"widget\" data-widget_type=\"icon-list.default\">\n\t\t\t\t<div class=\"elementor-widget-container\">\n\t\t\t\t\t\t\t<ul class=\"elementor-icon-list-items\">\n\t\t\t\t\t\t\t<li class=\"elementor-icon-list-item\">\n\t\t\t\t\t\t\t\t\t\t\t<span class=\"elementor-icon-list-icon\">\n\t\t\t\t\t\t\t<i aria-hidden=\"true\" class=\"fas fa-circle\"><\/i>\t\t\t\t\t\t<\/span>\n\t\t\t\t\t\t\t\t\t\t<span class=\"elementor-icon-list-text\">Selbstbestimmung<\/span>\n\t\t\t\t\t\t\t\t\t<\/li>\n\t\t\t\t\t\t\t\t<li class=\"elementor-icon-list-item\">\n\t\t\t\t\t\t\t\t\t\t\t<span class=\"elementor-icon-list-icon\">\n\t\t\t\t\t\t\t<i aria-hidden=\"true\" class=\"fas fa-circle\"><\/i>\t\t\t\t\t\t<\/span>\n\t\t\t\t\t\t\t\t\t\t<span class=\"elementor-icon-list-text\">Entlastung der Angeh\u00f6rigen<\/span>\n\t\t\t\t\t\t\t\t\t<\/li>\n\t\t\t\t\t\t\t\t<li class=\"elementor-icon-list-item\">\n\t\t\t\t\t\t\t\t\t\t\t<span class=\"elementor-icon-list-icon\">\n\t\t\t\t\t\t\t<i aria-hidden=\"true\" class=\"fas fa-circle\"><\/i>\t\t\t\t\t\t<\/span>\n\t\t\t\t\t\t\t\t\t\t<span class=\"elementor-icon-list-text\">Rechtliche Klarheit<\/span>\n\t\t\t\t\t\t\t\t\t<\/li>\n\t\t\t\t\t\t<\/ul>\n\t\t\t\t\t\t<\/div>\n\t\t\t\t<\/div>\n\t\t\t\t<\/div>\n\t\t<div class=\"elementor-element elementor-element-21fdeff e-con-full e-flex e-con e-child\" data-id=\"21fdeff\" data-element_type=\"container\">\n\t\t<div class=\"elementor-element elementor-element-223917b e-flex e-con-boxed e-con e-child\" data-id=\"223917b\" data-element_type=\"container\" data-settings=\"{&quot;background_background&quot;:&quot;classic&quot;}\">\n\t\t\t\t\t<div class=\"e-con-inner\">\n\t\t\t\t<div class=\"elementor-element elementor-element-7156c79 elementor-widget elementor-widget-heading\" data-id=\"7156c79\" data-element_type=\"widget\" data-widget_type=\"heading.default\">\n\t\t\t\t<div class=\"elementor-widget-container\">\n\t\t\t\t\t<h6 class=\"elementor-heading-title elementor-size-default\">Ort:<\/h6>\t\t\t\t<\/div>\n\t\t\t\t<\/div>\n\t\t\t\t<div class=\"elementor-element elementor-element-119c9ad elementor-widget elementor-widget-text-editor\" data-id=\"119c9ad\" data-element_type=\"widget\" data-widget_type=\"text-editor.default\">\n\t\t\t\t<div class=\"elementor-widget-container\">\n\t\t\t\t\t\t\t\t\t<p>Wolfgang-M\u00fcller-Str. 7a 53474 Bad Neuenahr-Ahrweiler<\/p>\t\t\t\t\t\t\t\t<\/div>\n\t\t\t\t<\/div>\n\t\t\t\t<div class=\"elementor-element elementor-element-96164de elementor-widget elementor-widget-heading\" data-id=\"96164de\" data-element_type=\"widget\" data-widget_type=\"heading.default\">\n\t\t\t\t<div class=\"elementor-widget-container\">\n\t\t\t\t\t<h6 class=\"elementor-heading-title elementor-size-default\">Tel:<\/h6>\t\t\t\t<\/div>\n\t\t\t\t<\/div>\n\t\t\t\t<div class=\"elementor-element elementor-element-ae24d05 elementor-widget elementor-widget-text-editor\" data-id=\"ae24d05\" data-element_type=\"widget\" data-widget_type=\"text-editor.default\">\n\t\t\t\t<div class=\"elementor-widget-container\">\n\t\t\t\t\t\t\t\t\t<p><a>+49 2641 9506320<\/a><\/p>\t\t\t\t\t\t\t\t<\/div>\n\t\t\t\t<\/div>\n\t\t\t\t<div class=\"elementor-element elementor-element-5c299cc elementor-widget elementor-widget-heading\" data-id=\"5c299cc\" data-element_type=\"widget\" data-widget_type=\"heading.default\">\n\t\t\t\t<div class=\"elementor-widget-container\">\n\t\t\t\t\t<h6 class=\"elementor-heading-title elementor-size-default\">Fax:<\/h6>\t\t\t\t<\/div>\n\t\t\t\t<\/div>\n\t\t\t\t<div class=\"elementor-element elementor-element-4179fd6 elementor-widget elementor-widget-text-editor\" data-id=\"4179fd6\" data-element_type=\"widget\" data-widget_type=\"text-editor.default\">\n\t\t\t\t<div class=\"elementor-widget-container\">\n\t\t\t\t\t\t\t\t\t<p>0261-2016184217<\/p>\t\t\t\t\t\t\t\t<\/div>\n\t\t\t\t<\/div>\n\t\t\t\t<div class=\"elementor-element elementor-element-42aa40b elementor-widget elementor-widget-heading\" data-id=\"42aa40b\" data-element_type=\"widget\" data-widget_type=\"heading.default\">\n\t\t\t\t<div class=\"elementor-widget-container\">\n\t\t\t\t\t<h6 class=\"elementor-heading-title elementor-size-default\">Email:<\/h6>\t\t\t\t<\/div>\n\t\t\t\t<\/div>\n\t\t\t\t<div class=\"elementor-element elementor-element-b7995b6 elementor-widget elementor-widget-text-editor\" data-id=\"b7995b6\" data-element_type=\"widget\" data-widget_type=\"text-editor.default\">\n\t\t\t\t<div class=\"elementor-widget-container\">\n\t\t\t\t\t\t\t\t\t<p>info@btv-rar.de<\/p>\t\t\t\t\t\t\t\t<\/div>\n\t\t\t\t<\/div>\n\t\t\t\t\t<\/div>\n\t\t\t\t<\/div>\n\t\t\t\t<\/div>\n\t\t\t\t\t<\/div>\n\t\t\t\t<\/div>\n\t\t\t\t<\/div>\n\t\t","protected":false},"excerpt":{"rendered":"<p>Eine Patientenverf\u00fcgung ist ein wichtiges Dokument im Bereich der medizinischen Vorsorge. Sie erm\u00f6glicht es einer Person, im Voraus festzulegen, welche medizinischen Ma\u00dfnahmen im Falle ihrer Entscheidungsunf\u00e4higkeit ergriffen oder unterlassen werden sollen. Diese Verf\u00fcgung tritt insbesondere bei schweren Krankheiten oder nach Unf\u00e4llen in Kraft, wenn die betroffene Person ihren Willen nicht mehr selbst \u00e4u\u00dfern kann. Was [&hellip;]<\/p>\n","protected":false},"author":1,"featured_media":0,"parent":0,"menu_order":0,"comment_status":"closed","ping_status":"closed","template":"elementor_header_footer","meta":{"_monsterinsights_skip_tracking":false,"_monsterinsights_sitenote_active":false,"_monsterinsights_sitenote_note":"","_monsterinsights_sitenote_category":0,"footnotes":""},"class_list":["post-3754","page","type-page","status-publish","hentry"],"aioseo_notices":[],"_links":{"self":[{"href":"https:\/\/www.btv-rar.de\/de_de\/wp-json\/wp\/v2\/pages\/3754","targetHints":{"allow":["GET"]}}],"collection":[{"href":"https:\/\/www.btv-rar.de\/de_de\/wp-json\/wp\/v2\/pages"}],"about":[{"href":"https:\/\/www.btv-rar.de\/de_de\/wp-json\/wp\/v2\/types\/page"}],"author":[{"embeddable":true,"href":"https:\/\/www.btv-rar.de\/de_de\/wp-json\/wp\/v2\/users\/1"}],"replies":[{"embeddable":true,"href":"https:\/\/www.btv-rar.de\/de_de\/wp-json\/wp\/v2\/comments?post=3754"}],"version-history":[{"count":13,"href":"https:\/\/www.btv-rar.de\/de_de\/wp-json\/wp\/v2\/pages\/3754\/revisions"}],"predecessor-version":[{"id":4158,"href":"https:\/\/www.btv-rar.de\/de_de\/wp-json\/wp\/v2\/pages\/3754\/revisions\/4158"}],"wp:attachment":[{"href":"https:\/\/www.btv-rar.de\/de_de\/wp-json\/wp\/v2\/media?parent=3754"}],"curies":[{"name":"wp","href":"https:\/\/api.w.org\/{rel}","templated":true}]}}