{"id":3751,"date":"2024-06-12T16:16:22","date_gmt":"2024-06-12T14:16:22","guid":{"rendered":"https:\/\/www.btv-rar.de\/?page_id=3751"},"modified":"2026-04-01T17:28:40","modified_gmt":"2026-04-01T15:28:40","slug":"vorsorgevollmacht","status":"publish","type":"page","link":"https:\/\/www.btv-rar.de\/de_de\/vorsorgevollmacht\/","title":{"rendered":"Vorsorgevollmacht"},"content":{"rendered":"\t\t<div data-elementor-type=\"wp-page\" data-elementor-id=\"3751\" class=\"elementor elementor-3751\">\n\t\t\t\t<div class=\"elementor-element elementor-element-ab9d4a4 e-flex e-con-boxed e-con e-parent\" data-id=\"ab9d4a4\" data-element_type=\"container\">\n\t\t\t\t\t<div class=\"e-con-inner\">\n\t\t<div class=\"elementor-element elementor-element-75a68cf e-con-full e-flex e-con e-child\" data-id=\"75a68cf\" data-element_type=\"container\">\n\t\t\t\t<div class=\"elementor-element elementor-element-7be34c0 elementor-widget elementor-widget-text-editor\" data-id=\"7be34c0\" data-element_type=\"widget\" data-widget_type=\"text-editor.default\">\n\t\t\t\t<div class=\"elementor-widget-container\">\n\t\t\t\t\t\t\t\t\t<p>Eine Vorsorgevollmacht ist ein wichtiges rechtliches Instrument, das es einer Person erm\u00f6glicht, eine andere Person oder mehrere Personen zu bevollm\u00e4chtigen, im Falle der eigenen Entscheidungsunf\u00e4higkeit in ihrem Namen zu handeln. Dies kann besonders im Alter, bei Krankheit oder nach einem Unfall relevant werden, wenn die eigene Entscheidungs- und Handlungsf\u00e4higkeit eingeschr\u00e4nkt oder komplett verloren geht.<\/p>\t\t\t\t\t\t\t\t<\/div>\n\t\t\t\t<\/div>\n\t\t\t\t<div class=\"elementor-element elementor-element-a6132a9 elementor-widget elementor-widget-heading\" data-id=\"a6132a9\" data-element_type=\"widget\" data-widget_type=\"heading.default\">\n\t\t\t\t<div class=\"elementor-widget-container\">\n\t\t\t\t\t<h2 class=\"elementor-heading-title elementor-size-default\">Was ist eine Vorsorgevollmacht?<\/h2>\t\t\t\t<\/div>\n\t\t\t\t<\/div>\n\t\t\t\t<div class=\"elementor-element elementor-element-3339e22 elementor-widget elementor-widget-text-editor\" data-id=\"3339e22\" data-element_type=\"widget\" data-widget_type=\"text-editor.default\">\n\t\t\t\t<div class=\"elementor-widget-container\">\n\t\t\t\t\t\t\t\t\t<p>Eine Vorsorgevollmacht ist eine schriftliche Erkl\u00e4rung, in der der Vollmachtgeber einer oder mehreren vertrauensw\u00fcrdigen Personen (den Bevollm\u00e4chtigten) das Recht gibt, bestimmte oder allgemeine Entscheidungen in seinem Namen zu treffen. Diese Entscheidungen k\u00f6nnen sowohl pers\u00f6nliche Angelegenheiten als auch finanzielle und rechtliche Belange betreffen. Die Vollmacht tritt in Kraft, wenn der Vollmachtgeber selbst nicht mehr in der Lage ist, seine Angelegenheiten eigenst\u00e4ndig zu regeln.<\/p>\t\t\t\t\t\t\t\t<\/div>\n\t\t\t\t<\/div>\n\t\t\t\t<div class=\"elementor-element elementor-element-3963a84 elementor-widget elementor-widget-heading\" data-id=\"3963a84\" data-element_type=\"widget\" data-widget_type=\"heading.default\">\n\t\t\t\t<div class=\"elementor-widget-container\">\n\t\t\t\t\t<h2 class=\"elementor-heading-title elementor-size-default\">Warum ist eine Vorsorgevollmacht wichtig?<\/h2>\t\t\t\t<\/div>\n\t\t\t\t<\/div>\n\t\t\t\t<div class=\"elementor-element elementor-element-400d1ec elementor-widget elementor-widget-text-editor\" data-id=\"400d1ec\" data-element_type=\"widget\" data-widget_type=\"text-editor.default\">\n\t\t\t\t<div class=\"elementor-widget-container\">\n\t\t\t\t\t\t\t\t\t<p>Ohne eine Vorsorgevollmacht m\u00fcssten im Falle der Entscheidungsunf\u00e4higkeit gerichtliche Betreuer eingesetzt werden, die dann Entscheidungen im Namen des Betroffenen treffen. Dies kann mit einem erheblichen b\u00fcrokratischen Aufwand verbunden sein und m\u00f6glicherweise nicht immer im Sinne des Betroffenen erfolgen. Eine Vorsorgevollmacht stellt sicher, dass eine Person des Vertrauens, die die W\u00fcnsche und Interessen des Vollmachtgebers kennt, in dessen Sinne handeln kann.<\/p>\t\t\t\t\t\t\t\t<\/div>\n\t\t\t\t<\/div>\n\t\t\t\t<\/div>\n\t\t<div class=\"elementor-element elementor-element-21fdeff e-con-full e-flex e-con e-child\" data-id=\"21fdeff\" data-element_type=\"container\">\n\t\t<div class=\"elementor-element elementor-element-7914f63 e-flex e-con-boxed e-con e-child\" data-id=\"7914f63\" data-element_type=\"container\" data-settings=\"{&quot;background_background&quot;:&quot;classic&quot;}\">\n\t\t\t\t\t<div class=\"e-con-inner\">\n\t\t\t\t<div class=\"elementor-element elementor-element-13e5752 elementor-widget elementor-widget-heading\" data-id=\"13e5752\" data-element_type=\"widget\" data-widget_type=\"heading.default\">\n\t\t\t\t<div class=\"elementor-widget-container\">\n\t\t\t\t\t<h6 class=\"elementor-heading-title elementor-size-default\">Ort:<\/h6>\t\t\t\t<\/div>\n\t\t\t\t<\/div>\n\t\t\t\t<div class=\"elementor-element elementor-element-d40b110 elementor-widget elementor-widget-text-editor\" data-id=\"d40b110\" data-element_type=\"widget\" data-widget_type=\"text-editor.default\">\n\t\t\t\t<div class=\"elementor-widget-container\">\n\t\t\t\t\t\t\t\t\t<p>Wolfgang-M\u00fcller-Str. 7a 53474 Bad Neuenahr-Ahrweiler<\/p>\t\t\t\t\t\t\t\t<\/div>\n\t\t\t\t<\/div>\n\t\t\t\t<div class=\"elementor-element elementor-element-ff5d5c7 elementor-widget elementor-widget-heading\" data-id=\"ff5d5c7\" data-element_type=\"widget\" data-widget_type=\"heading.default\">\n\t\t\t\t<div class=\"elementor-widget-container\">\n\t\t\t\t\t<h6 class=\"elementor-heading-title elementor-size-default\">Tel:<\/h6>\t\t\t\t<\/div>\n\t\t\t\t<\/div>\n\t\t\t\t<div class=\"elementor-element elementor-element-0fb4fe4 elementor-widget elementor-widget-text-editor\" data-id=\"0fb4fe4\" data-element_type=\"widget\" data-widget_type=\"text-editor.default\">\n\t\t\t\t<div class=\"elementor-widget-container\">\n\t\t\t\t\t\t\t\t\t<p><a>+49 2641 9506320<\/a><\/p>\t\t\t\t\t\t\t\t<\/div>\n\t\t\t\t<\/div>\n\t\t\t\t<div class=\"elementor-element elementor-element-5c752b5 elementor-widget elementor-widget-heading\" data-id=\"5c752b5\" data-element_type=\"widget\" data-widget_type=\"heading.default\">\n\t\t\t\t<div class=\"elementor-widget-container\">\n\t\t\t\t\t<h6 class=\"elementor-heading-title elementor-size-default\">Fax:<\/h6>\t\t\t\t<\/div>\n\t\t\t\t<\/div>\n\t\t\t\t<div class=\"elementor-element elementor-element-ae0ef7f elementor-widget elementor-widget-text-editor\" data-id=\"ae0ef7f\" data-element_type=\"widget\" data-widget_type=\"text-editor.default\">\n\t\t\t\t<div class=\"elementor-widget-container\">\n\t\t\t\t\t\t\t\t\t<p>0261-2016184217<\/p>\t\t\t\t\t\t\t\t<\/div>\n\t\t\t\t<\/div>\n\t\t\t\t<div class=\"elementor-element elementor-element-cc66ac7 elementor-widget elementor-widget-heading\" data-id=\"cc66ac7\" data-element_type=\"widget\" data-widget_type=\"heading.default\">\n\t\t\t\t<div class=\"elementor-widget-container\">\n\t\t\t\t\t<h6 class=\"elementor-heading-title elementor-size-default\">Email:<\/h6>\t\t\t\t<\/div>\n\t\t\t\t<\/div>\n\t\t\t\t<div class=\"elementor-element elementor-element-9ed4ddf elementor-widget elementor-widget-text-editor\" data-id=\"9ed4ddf\" data-element_type=\"widget\" data-widget_type=\"text-editor.default\">\n\t\t\t\t<div class=\"elementor-widget-container\">\n\t\t\t\t\t\t\t\t\t<p>info@btv-rar.de<\/p>\t\t\t\t\t\t\t\t<\/div>\n\t\t\t\t<\/div>\n\t\t\t\t\t<\/div>\n\t\t\t\t<\/div>\n\t\t\t\t<\/div>\n\t\t\t\t\t<\/div>\n\t\t\t\t<\/div>\n\t\t\t\t<\/div>\n\t\t","protected":false},"excerpt":{"rendered":"<p>Eine Vorsorgevollmacht ist ein wichtiges rechtliches Instrument, das es einer Person erm\u00f6glicht, eine andere Person oder mehrere Personen zu bevollm\u00e4chtigen, im Falle der eigenen Entscheidungsunf\u00e4higkeit in ihrem Namen zu handeln. Dies kann besonders im Alter, bei Krankheit oder nach einem Unfall relevant werden, wenn die eigene Entscheidungs- und Handlungsf\u00e4higkeit eingeschr\u00e4nkt oder komplett verloren geht. Was [&hellip;]<\/p>\n","protected":false},"author":1,"featured_media":0,"parent":0,"menu_order":0,"comment_status":"closed","ping_status":"closed","template":"elementor_header_footer","meta":{"_monsterinsights_skip_tracking":false,"_monsterinsights_sitenote_active":false,"_monsterinsights_sitenote_note":"","_monsterinsights_sitenote_category":0,"footnotes":""},"class_list":["post-3751","page","type-page","status-publish","hentry"],"aioseo_notices":[],"_links":{"self":[{"href":"https:\/\/www.btv-rar.de\/de_de\/wp-json\/wp\/v2\/pages\/3751","targetHints":{"allow":["GET"]}}],"collection":[{"href":"https:\/\/www.btv-rar.de\/de_de\/wp-json\/wp\/v2\/pages"}],"about":[{"href":"https:\/\/www.btv-rar.de\/de_de\/wp-json\/wp\/v2\/types\/page"}],"author":[{"embeddable":true,"href":"https:\/\/www.btv-rar.de\/de_de\/wp-json\/wp\/v2\/users\/1"}],"replies":[{"embeddable":true,"href":"https:\/\/www.btv-rar.de\/de_de\/wp-json\/wp\/v2\/comments?post=3751"}],"version-history":[{"count":24,"href":"https:\/\/www.btv-rar.de\/de_de\/wp-json\/wp\/v2\/pages\/3751\/revisions"}],"predecessor-version":[{"id":4155,"href":"https:\/\/www.btv-rar.de\/de_de\/wp-json\/wp\/v2\/pages\/3751\/revisions\/4155"}],"wp:attachment":[{"href":"https:\/\/www.btv-rar.de\/de_de\/wp-json\/wp\/v2\/media?parent=3751"}],"curies":[{"name":"wp","href":"https:\/\/api.w.org\/{rel}","templated":true}]}}