{"id":2827,"date":"2024-02-15T06:51:31","date_gmt":"2024-02-15T06:51:31","guid":{"rendered":"https:\/\/www.btv-rar.de\/?page_id=2827"},"modified":"2024-05-15T10:21:22","modified_gmt":"2024-05-15T08:21:22","slug":"nachrichten","status":"publish","type":"page","link":"https:\/\/www.btv-rar.de\/de_de\/nachrichten\/","title":{"rendered":"Nachrichten"},"content":{"rendered":"\t\t<div data-elementor-type=\"wp-page\" data-elementor-id=\"2827\" class=\"elementor elementor-2827\">\n\t\t\t\t\t\t<section class=\"elementor-section elementor-top-section elementor-element elementor-element-1fc6d79 elementor-section-full_width elementor-section-height-default elementor-section-height-default\" data-id=\"1fc6d79\" data-element_type=\"section\">\n\t\t\t\t\t\t<div class=\"elementor-container elementor-column-gap-no\">\n\t\t\t\t\t<div class=\"elementor-column elementor-col-100 elementor-top-column elementor-element elementor-element-f4346d5\" data-id=\"f4346d5\" data-element_type=\"column\">\n\t\t\t<div class=\"elementor-widget-wrap elementor-element-populated\">\n\t\t\t\t\t\t<div class=\"elementor-element elementor-element-ccc2de8 elementor-widget elementor-widget-oxpins-blog\" data-id=\"ccc2de8\" data-element_type=\"widget\" data-widget_type=\"oxpins-blog.default\">\n\t\t\t\t<div class=\"elementor-widget-container\">\n\t\t\t\t\t\r\n\t<!--News Page Start-->\r\n\t<section class=\"news-page\">\r\n\t\t<div class=\"container\">\r\n\t\t\t<div class=\"row\">\r\n\t\t\t\t\t\t\t\t\t\t\t\t\t<!--News One Single Start-->\r\n\t\t\t\t\t<div class=\"col-xl-4 col-lg-6 col-md-6 wow fadeInUp\" data-wow-delay=\"100ms\">\r\n\t\t\t\t\t\t<div class=\"news-one__single\">\r\n\t\t\t\t\t\t\t\t\t\t\t\t\t\t<div class=\"news-one__content-box\">\r\n\t\t\t\t\t\t\t\t<div class=\"news-one__content-inner\">\r\n\t\t\t\t\t\t\t\t\t<div class=\"news-one__content\">\r\n\t\t\t\t\t\t\t\t\t\t<ul class=\"list-unstyled news-one__meta ml-0\">\r\n\t\t\t\t\t\t\t\t\t\t\t<li><span class=\"byline\"><span class=\"author vcard\"><a class=\"url fn n\" href=\"https:\/\/www.btv-rar.de\/de_de\/author\/m-see\/\"><i class=\"fas fa-user-circle\"><\/i> m.see<\/a><\/span><\/span><\/li>\r\n\t\t\t\t\t\t\t\t\t\t\t\t\t\t\t\t\t\t\t\t\t\t\t<li><span class=\"comments-link\"><i class=\"fas fa-comments\"><\/i> <a href=\"https:\/\/www.btv-rar.de\/de_de\/weiterbildung-statt-buerotag\/#comments\">52\u00a0Kommentare<span class=\"screen-reader-text\"> zu Weiterbildung statt B\u00fcrotag 03.06.2025<\/span><\/a><\/span><\/li>\r\n\t\t\t\t\t\t\t\t\t\t\t\t\t\t\t\t\t\t\t\t\t<\/ul>\r\n\t\t\t\t\t\t\t\t\t\t<h3 class=\"news-one__title\"><a href=\"https:\/\/www.btv-rar.de\/de_de\/weiterbildung-statt-buerotag\/\">Weiterbildung statt B\u00fcrotag 03.06.2025<\/a><\/h3>\r\n\t\t\t\t\t\t\t\t\t<\/div>\r\n\t\t\t\t\t\t\t\t\t<div class=\"news-one__bottom\">\r\n\t\t\t\t\t\t\t\t\t\t<div class=\"news-one__read-more\">\r\n\t\t\t\t\t\t\t\t\t\t\t<a href=\"https:\/\/www.btv-rar.de\/de_de\/weiterbildung-statt-buerotag\/\"> <span class=\"icon-right-arrow\"><\/span>Read More<\/a>\r\n\t\t\t\t\t\t\t\t\t\t<\/div>\r\n\t\t\t\t\t\t\t\t\t\t<div class=\"news-one__share\">\r\n\t\t\t\t\t\t\t\t\t\t\t<a href=\"#\"><i class=\"fas fa-share-alt\"><\/i><\/a>\r\n\t\t\t\t\t\t\t\t\t\t\t    <div class=\"news-one__social-box\">\r\n        <ul class=\"list-unstyled news-one__social ml-0\">\r\n            <li><a href=\"https:\/\/www.facebook.com\/sharer\/sharer.php?u=https%3A%2F%2Fwww.btv-rar.de%2Fde_de%2Fweiterbildung-statt-buerotag%2F\"><i class=\"fab fa-facebook-f\"><\/i><\/a><\/li>\r\n            <li><a href=\"https:\/\/twitter.com\/intent\/tweet?text=Weiterbildung%20statt%20B\u00fcrotag%2003.06.2025&#038;url=https%3A%2F%2Fwww.btv-rar.de%2Fde_de%2Fweiterbildung-statt-buerotag%2F&#038;via=Crunchify\"><i class=\"fab fa-twitter\"><\/i><\/a><\/li>\r\n            <li><a href=\"https:\/\/twitter.com\/intent\/tweet?text=Weiterbildung%20statt%20B\u00fcrotag%2003.06.2025&#038;url=https%3A%2F%2Fwww.btv-rar.de%2Fde_de%2Fweiterbildung-statt-buerotag%2F&#038;via=Crunchify\"><i class=\"fab fa-pinterest-p\"><\/i><\/a><\/li>\r\n        <\/ul>\r\n    <\/div>\r\n\t\t\t\t\t\t\t\t\t\t<\/div>\r\n\t\t\t\t\t\t\t\t\t<\/div>\r\n\t\t\t\t\t\t\t\t<\/div>\r\n\t\t\t\t\t\t\t\t<div class=\"news-one__date\">\r\n\t\t\t\t\t\t\t\t\t<p>21 Mai, 25<\/p>\r\n\t\t\t\t\t\t\t\t<\/div>\r\n\t\t\t\t\t\t\t<\/div>\r\n\t\t\t\t\t\t<\/div>\r\n\t\t\t\t\t<\/div>\r\n\t\t\t\t\t<!--News One Single End-->\r\n\t\t\t\t\t\t\t\t\t<!--News One Single Start-->\r\n\t\t\t\t\t<div class=\"col-xl-4 col-lg-6 col-md-6 wow fadeInUp\" data-wow-delay=\"100ms\">\r\n\t\t\t\t\t\t<div class=\"news-one__single\">\r\n\t\t\t\t\t\t\t\t\t\t\t\t\t\t<div class=\"news-one__content-box\">\r\n\t\t\t\t\t\t\t\t<div class=\"news-one__content-inner\">\r\n\t\t\t\t\t\t\t\t\t<div class=\"news-one__content\">\r\n\t\t\t\t\t\t\t\t\t\t<ul class=\"list-unstyled news-one__meta ml-0\">\r\n\t\t\t\t\t\t\t\t\t\t\t<li><span class=\"byline\"><span class=\"author vcard\"><a class=\"url fn n\" href=\"https:\/\/www.btv-rar.de\/de_de\/author\/m-see\/\"><i class=\"fas fa-user-circle\"><\/i> m.see<\/a><\/span><\/span><\/li>\r\n\t\t\t\t\t\t\t\t\t\t\t\t\t\t\t\t\t\t\t\t\t\t\t<li><span class=\"comments-link\"><i class=\"fas fa-comments\"><\/i> <a href=\"https:\/\/www.btv-rar.de\/de_de\/betriebsausflug\/#comments\">41\u00a0Kommentare<span class=\"screen-reader-text\"> zu Betriebsausflug am 27.05.2025<\/span><\/a><\/span><\/li>\r\n\t\t\t\t\t\t\t\t\t\t\t\t\t\t\t\t\t\t\t\t\t<\/ul>\r\n\t\t\t\t\t\t\t\t\t\t<h3 class=\"news-one__title\"><a href=\"https:\/\/www.btv-rar.de\/de_de\/betriebsausflug\/\">Betriebsausflug am 27.05.2025<\/a><\/h3>\r\n\t\t\t\t\t\t\t\t\t<\/div>\r\n\t\t\t\t\t\t\t\t\t<div class=\"news-one__bottom\">\r\n\t\t\t\t\t\t\t\t\t\t<div class=\"news-one__read-more\">\r\n\t\t\t\t\t\t\t\t\t\t\t<a href=\"https:\/\/www.btv-rar.de\/de_de\/betriebsausflug\/\"> <span class=\"icon-right-arrow\"><\/span>Read More<\/a>\r\n\t\t\t\t\t\t\t\t\t\t<\/div>\r\n\t\t\t\t\t\t\t\t\t\t<div class=\"news-one__share\">\r\n\t\t\t\t\t\t\t\t\t\t\t<a href=\"#\"><i class=\"fas fa-share-alt\"><\/i><\/a>\r\n\t\t\t\t\t\t\t\t\t\t\t    <div class=\"news-one__social-box\">\r\n        <ul class=\"list-unstyled news-one__social ml-0\">\r\n            <li><a href=\"https:\/\/www.facebook.com\/sharer\/sharer.php?u=https%3A%2F%2Fwww.btv-rar.de%2Fde_de%2Fbetriebsausflug%2F\"><i class=\"fab fa-facebook-f\"><\/i><\/a><\/li>\r\n            <li><a href=\"https:\/\/twitter.com\/intent\/tweet?text=Betriebsausflug%20am%2027.05.2025&#038;url=https%3A%2F%2Fwww.btv-rar.de%2Fde_de%2Fbetriebsausflug%2F&#038;via=Crunchify\"><i class=\"fab fa-twitter\"><\/i><\/a><\/li>\r\n            <li><a href=\"https:\/\/twitter.com\/intent\/tweet?text=Betriebsausflug%20am%2027.05.2025&#038;url=https%3A%2F%2Fwww.btv-rar.de%2Fde_de%2Fbetriebsausflug%2F&#038;via=Crunchify\"><i class=\"fab fa-pinterest-p\"><\/i><\/a><\/li>\r\n        <\/ul>\r\n    <\/div>\r\n\t\t\t\t\t\t\t\t\t\t<\/div>\r\n\t\t\t\t\t\t\t\t\t<\/div>\r\n\t\t\t\t\t\t\t\t<\/div>\r\n\t\t\t\t\t\t\t\t<div class=\"news-one__date\">\r\n\t\t\t\t\t\t\t\t\t<p>21 Mai, 25<\/p>\r\n\t\t\t\t\t\t\t\t<\/div>\r\n\t\t\t\t\t\t\t<\/div>\r\n\t\t\t\t\t\t<\/div>\r\n\t\t\t\t\t<\/div>\r\n\t\t\t\t\t<!--News One Single End-->\r\n\t\t\t\t\t\t\t\t\t\t\t\t\r\n\t\t\t<\/div>\r\n\t\t<\/div>\r\n\t<\/section>\r\n\t<!--News Page End-->\r\n\r\n\t\t\t\t<\/div>\n\t\t\t\t<\/div>\n\t\t\t\t\t<\/div>\n\t\t<\/div>\n\t\t\t\t\t<\/div>\n\t\t<\/section>\n\t\t\t\t<\/div>\n\t\t","protected":false},"excerpt":{"rendered":"<p>Charity@321 Leave a Comment on Tag der ehrenamtlichen Betreuerinnen und Betreuer der Diakonischen Pflegeverb\u00e4nde S\u00fcdrhein Tag der ehrenamtlichen Betreuerinnen und Betreuer der Diakonischen Pflegeverb\u00e4nde S\u00fcdrhein Read More 16 Feb, 24 Charity@321 Leave a Comment on Tag der ehrenamtlichen Betreuerinnen und Betreuer der Diakonischen Pflegeverb\u00e4nde S\u00fcdrhein Tag der ehrenamtlichen Betreuerinnen und Betreuer der Diakonischen Pflegeverb\u00e4nde S\u00fcdrhein [&hellip;]<\/p>\n","protected":false},"author":1,"featured_media":0,"parent":0,"menu_order":0,"comment_status":"closed","ping_status":"closed","template":"elementor_header_footer","meta":{"_monsterinsights_skip_tracking":false,"_monsterinsights_sitenote_active":false,"_monsterinsights_sitenote_note":"","_monsterinsights_sitenote_category":0,"footnotes":""},"class_list":["post-2827","page","type-page","status-publish","hentry"],"aioseo_notices":[],"_links":{"self":[{"href":"https:\/\/www.btv-rar.de\/de_de\/wp-json\/wp\/v2\/pages\/2827","targetHints":{"allow":["GET"]}}],"collection":[{"href":"https:\/\/www.btv-rar.de\/de_de\/wp-json\/wp\/v2\/pages"}],"about":[{"href":"https:\/\/www.btv-rar.de\/de_de\/wp-json\/wp\/v2\/types\/page"}],"author":[{"embeddable":true,"href":"https:\/\/www.btv-rar.de\/de_de\/wp-json\/wp\/v2\/users\/1"}],"replies":[{"embeddable":true,"href":"https:\/\/www.btv-rar.de\/de_de\/wp-json\/wp\/v2\/comments?post=2827"}],"version-history":[{"count":6,"href":"https:\/\/www.btv-rar.de\/de_de\/wp-json\/wp\/v2\/pages\/2827\/revisions"}],"predecessor-version":[{"id":3649,"href":"https:\/\/www.btv-rar.de\/de_de\/wp-json\/wp\/v2\/pages\/2827\/revisions\/3649"}],"wp:attachment":[{"href":"https:\/\/www.btv-rar.de\/de_de\/wp-json\/wp\/v2\/media?parent=2827"}],"curies":[{"name":"wp","href":"https:\/\/api.w.org\/{rel}","templated":true}]}}