{"id":2815,"date":"2024-02-15T06:47:24","date_gmt":"2024-02-15T06:47:24","guid":{"rendered":"https:\/\/www.btv-rar.de\/?page_id=2815"},"modified":"2024-09-19T12:17:10","modified_gmt":"2024-09-19T10:17:10","slug":"unterstutzung-ratschlage","status":"publish","type":"page","link":"https:\/\/www.btv-rar.de\/de_de\/unterstutzung-ratschlage\/","title":{"rendered":"Unterst\u00fctzung &#038; Beratung"},"content":{"rendered":"\t\t<div data-elementor-type=\"wp-page\" data-elementor-id=\"2815\" class=\"elementor elementor-2815\">\n\t\t\t\t<div class=\"elementor-element elementor-element-04a83d0 e-flex e-con-boxed e-con e-parent\" data-id=\"04a83d0\" data-element_type=\"container\">\n\t\t\t\t\t<div class=\"e-con-inner\">\n\t\t<div class=\"elementor-element elementor-element-0509792 e-con-full e-flex e-con e-child\" data-id=\"0509792\" data-element_type=\"container\">\n\t\t\t\t<div class=\"elementor-element elementor-element-9160bd6 elementor-widget elementor-widget-heading\" data-id=\"9160bd6\" data-element_type=\"widget\" data-widget_type=\"heading.default\">\n\t\t\t\t<div class=\"elementor-widget-container\">\n\t\t\t\t\t<h2 class=\"elementor-heading-title elementor-size-default\">Wie wir unterst\u00fctzen<\/h2>\t\t\t\t<\/div>\n\t\t\t\t<\/div>\n\t\t\t\t<div class=\"elementor-element elementor-element-87e5473 elementor-widget elementor-widget-text-editor\" data-id=\"87e5473\" data-element_type=\"widget\" data-widget_type=\"text-editor.default\">\n\t\t\t\t<div class=\"elementor-widget-container\">\n\t\t\t\t\t\t\t\t\t<p>Unser Verein bietet Unterst\u00fctzung und Beratung f\u00fcr die ehrenamtlichen Betreuer und Betreuerinnen im gesamten Landkreis Ahrweiler.<\/p>\t\t\t\t\t\t\t\t<\/div>\n\t\t\t\t<\/div>\n\t\t\t\t<div class=\"elementor-element elementor-element-eccdf0b elementor-widget elementor-widget-heading\" data-id=\"eccdf0b\" data-element_type=\"widget\" data-widget_type=\"heading.default\">\n\t\t\t\t<div class=\"elementor-widget-container\">\n\t\t\t\t\t<h2 class=\"elementor-heading-title elementor-size-default\">Unsere Aufgabe<\/h2>\t\t\t\t<\/div>\n\t\t\t\t<\/div>\n\t\t\t\t<div class=\"elementor-element elementor-element-8ca5e42 elementor-icon-list--layout-traditional elementor-list-item-link-full_width elementor-widget elementor-widget-icon-list\" data-id=\"8ca5e42\" data-element_type=\"widget\" data-widget_type=\"icon-list.default\">\n\t\t\t\t<div class=\"elementor-widget-container\">\n\t\t\t\t\t\t\t<ul class=\"elementor-icon-list-items\">\n\t\t\t\t\t\t\t<li class=\"elementor-icon-list-item\">\n\t\t\t\t\t\t\t\t\t\t\t<span class=\"elementor-icon-list-icon\">\n\t\t\t\t\t\t\t<i aria-hidden=\"true\" class=\"fas fa-circle\"><\/i>\t\t\t\t\t\t<\/span>\n\t\t\t\t\t\t\t\t\t\t<span class=\"elementor-icon-list-text\">Beratung von ehrenamtlichen rechtlichen Betreuer:innen<\/span>\n\t\t\t\t\t\t\t\t\t<\/li>\n\t\t\t\t\t\t\t\t<li class=\"elementor-icon-list-item\">\n\t\t\t\t\t\t\t\t\t\t\t<span class=\"elementor-icon-list-icon\">\n\t\t\t\t\t\t\t<i aria-hidden=\"true\" class=\"fas fa-circle\"><\/i>\t\t\t\t\t\t<\/span>\n\t\t\t\t\t\t\t\t\t\t<span class=\"elementor-icon-list-text\">Schulung und Weiterbildung f\u00fcr ehrenamtliche Betreuer:innen<\/span>\n\t\t\t\t\t\t\t\t\t<\/li>\n\t\t\t\t\t\t\t\t<li class=\"elementor-icon-list-item\">\n\t\t\t\t\t\t\t\t\t\t\t<span class=\"elementor-icon-list-icon\">\n\t\t\t\t\t\t\t<i aria-hidden=\"true\" class=\"fas fa-circle\"><\/i>\t\t\t\t\t\t<\/span>\n\t\t\t\t\t\t\t\t\t\t<span class=\"elementor-icon-list-text\">Vermittlung von Betreuungen an Ehrenamliche<\/span>\n\t\t\t\t\t\t\t\t\t<\/li>\n\t\t\t\t\t\t\t\t<li class=\"elementor-icon-list-item\">\n\t\t\t\t\t\t\t\t\t\t\t<span class=\"elementor-icon-list-icon\">\n\t\t\t\t\t\t\t<i aria-hidden=\"true\" class=\"fas fa-circle\"><\/i>\t\t\t\t\t\t<\/span>\n\t\t\t\t\t\t\t\t\t\t<span class=\"elementor-icon-list-text\">Information \u00fcber das Betreuungsrecht<\/span>\n\t\t\t\t\t\t\t\t\t<\/li>\n\t\t\t\t\t\t\t\t<li class=\"elementor-icon-list-item\">\n\t\t\t\t\t\t\t\t\t\t\t<span class=\"elementor-icon-list-icon\">\n\t\t\t\t\t\t\t<i aria-hidden=\"true\" class=\"fas fa-circle\"><\/i>\t\t\t\t\t\t<\/span>\n\t\t\t\t\t\t\t\t\t\t<span class=\"elementor-icon-list-text\">Informationen \u00fcber Vorsorgem\u00f6glichkeiten<\/span>\n\t\t\t\t\t\t\t\t\t<\/li>\n\t\t\t\t\t\t\t\t<li class=\"elementor-icon-list-item\">\n\t\t\t\t\t\t\t\t\t\t\t<span class=\"elementor-icon-list-icon\">\n\t\t\t\t\t\t\t<i aria-hidden=\"true\" class=\"fas fa-circle\"><\/i>\t\t\t\t\t\t<\/span>\n\t\t\t\t\t\t\t\t\t\t<span class=\"elementor-icon-list-text\">F\u00fchrung von gesetzlichen Betreuungen durch hauptamtliche Mitarbeiter:innen<\/span>\n\t\t\t\t\t\t\t\t\t<\/li>\n\t\t\t\t\t\t<\/ul>\n\t\t\t\t\t\t<\/div>\n\t\t\t\t<\/div>\n\t\t\t\t<\/div>\n\t\t\t\t\t<\/div>\n\t\t\t\t<\/div>\n\t\t\t\t<\/div>\n\t\t","protected":false},"excerpt":{"rendered":"<p>Wie wir unterst\u00fctzen Unser Verein bietet Unterst\u00fctzung und Beratung f\u00fcr die ehrenamtlichen Betreuer und Betreuerinnen im gesamten Landkreis Ahrweiler. Unsere Aufgabe Beratung von ehrenamtlichen rechtlichen Betreuer:innen Schulung und Weiterbildung f\u00fcr ehrenamtliche Betreuer:innen Vermittlung von Betreuungen an Ehrenamliche Information \u00fcber das Betreuungsrecht Informationen \u00fcber Vorsorgem\u00f6glichkeiten F\u00fchrung von gesetzlichen Betreuungen durch hauptamtliche Mitarbeiter:innen<\/p>\n","protected":false},"author":1,"featured_media":0,"parent":0,"menu_order":0,"comment_status":"closed","ping_status":"closed","template":"elementor_header_footer","meta":{"_monsterinsights_skip_tracking":false,"_monsterinsights_sitenote_active":false,"_monsterinsights_sitenote_note":"","_monsterinsights_sitenote_category":0,"footnotes":""},"class_list":["post-2815","page","type-page","status-publish","hentry"],"aioseo_notices":[],"_links":{"self":[{"href":"https:\/\/www.btv-rar.de\/de_de\/wp-json\/wp\/v2\/pages\/2815","targetHints":{"allow":["GET"]}}],"collection":[{"href":"https:\/\/www.btv-rar.de\/de_de\/wp-json\/wp\/v2\/pages"}],"about":[{"href":"https:\/\/www.btv-rar.de\/de_de\/wp-json\/wp\/v2\/types\/page"}],"author":[{"embeddable":true,"href":"https:\/\/www.btv-rar.de\/de_de\/wp-json\/wp\/v2\/users\/1"}],"replies":[{"embeddable":true,"href":"https:\/\/www.btv-rar.de\/de_de\/wp-json\/wp\/v2\/comments?post=2815"}],"version-history":[{"count":34,"href":"https:\/\/www.btv-rar.de\/de_de\/wp-json\/wp\/v2\/pages\/2815\/revisions"}],"predecessor-version":[{"id":3946,"href":"https:\/\/www.btv-rar.de\/de_de\/wp-json\/wp\/v2\/pages\/2815\/revisions\/3946"}],"wp:attachment":[{"href":"https:\/\/www.btv-rar.de\/de_de\/wp-json\/wp\/v2\/media?parent=2815"}],"curies":[{"name":"wp","href":"https:\/\/api.w.org\/{rel}","templated":true}]}}